{"id":456,"date":"2015-07-03T12:15:55","date_gmt":"2015-07-03T12:15:55","guid":{"rendered":"http:\/\/healthcoach.stylemixthemes.com\/demo\/?page_id=456"},"modified":"2024-01-19T20:53:04","modified_gmt":"2024-01-19T19:53:04","slug":"preise","status":"publish","type":"page","link":"https:\/\/silence-stilleerleben.de\/silence\/preise\/","title":{"rendered":"Preise"},"content":{"rendered":"<p>[vc_row full_width=&#8220;stretch_row&#8220; show_bump=&#8220;true&#8220; css=&#8220;.vc_custom_1467225283119{background-color: #deed93 !important;}&#8220;][vc_column][vc_empty_space][vc_custom_heading text=&#8220;Die kleine Auszeit f\u00fcr Zwischendurch&#8220; use_theme_fonts=&#8220;yes&#8220;][vc_empty_space][\/vc_column][\/vc_row][vc_row full_width=&#8220;stretch_row&#8220; show_bump=&#8220;true&#8220; css=&#8220;.vc_custom_1649430422083{padding-bottom: 35px !important;background-color: #deed93 !important;}&#8220;][vc_column width=&#8220;1\/12&#8243;][\/vc_column][vc_column width=&#8220;5\/12&#8243;][stm_pricing_table title_font_weight=&#8220;400&#8243; title_font_size=&#8220;&#8220; title_color=&#8220;&#8220; price_font_weight=&#8220;400&#8243; price_font_size=&#8220;&#8220; price_color=&#8220;&#8220; price_desc_font_weight=&#8220;400&#8243; price_desc_color=&#8220;&#8220; content_font_size=&#8220;&#8220; content_color=&#8220;&#8220; image_id=&#8220;412&#8243; title=&#8220;Kr\u00e4uterstempelmassage R\u00fccken&#8220; price=&#8220;30,00 EUR&#8220; price_desc=&#8220;30 Minuten&#8220; button=&#8220;url:https%3A%2F%2Fsilence-stilleerleben.de%2Fsilence%2Ftermin-vereinbaren%2F|title:Termin%20vereinbaren|target:_blank&#8220; css=&#8220;.vc_custom_1705693479244{border-top-width: 1px !important;border-right-width: 1px !important;border-bottom-width: 1px !important;border-left-width: 1px !important;padding-top: 15px !important;padding-bottom: 15px !important;background-color: #ffffff !important;border-left-color: #95c11f !important;border-left-style: solid !important;border-right-color: #95c11f !important;border-right-style: solid !important;border-top-color: #95c11f !important;border-top-style: solid !important;border-bottom-color: #95c11f !important;border-bottom-style: solid !important;border-radius: 25px !important;}&#8220;]<\/p>\n<ul>\n<li>G\u00f6nnen Sie sich eine kleine Auszeit f\u00fcr Zwischendurch mit einer Kr\u00e4uterstempelmassage f\u00fcr den R\u00fccken<\/li>\n<\/ul>\n<p>[\/stm_pricing_table][\/vc_column][vc_column width=&#8220;5\/12&#8243;][stm_pricing_table title_font_weight=&#8220;400&#8243; title_font_size=&#8220;&#8220; title_color=&#8220;&#8220; price_font_weight=&#8220;400&#8243; price_font_size=&#8220;&#8220; price_color=&#8220;&#8220; price_desc_font_weight=&#8220;400&#8243; price_desc_color=&#8220;&#8220; content_font_size=&#8220;&#8220; content_color=&#8220;&#8220; image_id=&#8220;412&#8243; title=&#8220;Aromamassage R\u00fccken&#8220; price=&#8220;25,00 EUR&#8220; price_desc=&#8220;30 Minuten&#8220; button=&#8220;url:https%3A%2F%2Fsilence-stilleerleben.de%2Fsilence%2Ftermin-vereinbaren%2F|title:Termin%20vereinbaren|target:_blank&#8220; css=&#8220;.vc_custom_1666614113400{border-top-width: 1px !important;border-right-width: 1px !important;border-bottom-width: 1px !important;border-left-width: 1px !important;padding-top: 15px !important;padding-bottom: 15px !important;background-color: #ffffff !important;border-left-color: #95c11f !important;border-left-style: solid !important;border-right-color: #95c11f !important;border-right-style: solid !important;border-top-color: #95c11f !important;border-top-style: solid !important;border-bottom-color: #95c11f !important;border-bottom-style: solid !important;border-radius: 25px !important;}&#8220;]<\/p>\n<ul>\n<li>G\u00f6nnen Sie sich eine kleine Auszeit f\u00fcr Zwischendurch mit einer Aromamassage f\u00fcr den R\u00fccken<\/li>\n<\/ul>\n<p>[\/stm_pricing_table][\/vc_column][vc_column width=&#8220;1\/12&#8243;][\/vc_column][\/vc_row][vc_row full_width=&#8220;stretch_row&#8220; show_bump=&#8220;true&#8220; css=&#8220;.vc_custom_1470149555191{background-color: #deed93 !important;}&#8220;][vc_column width=&#8220;1\/12&#8243;][\/vc_column][vc_column width=&#8220;5\/12&#8243;][stm_pricing_table title_font_weight=&#8220;400&#8243; title_font_size=&#8220;&#8220; title_color=&#8220;&#8220; price_font_weight=&#8220;400&#8243; price_font_size=&#8220;&#8220; price_color=&#8220;&#8220; price_desc_font_weight=&#8220;400&#8243; price_desc_color=&#8220;&#8220; content_font_size=&#8220;&#8220; content_color=&#8220;&#8220; image_id=&#8220;412&#8243; title=&#8220;Handmassage mit Handbad &amp; Peeling&#8220; price=&#8220;25,00 EUR&#8220; price_desc=&#8220;30 Minuten&#8220; button=&#8220;url:https%3A%2F%2Fsilence-stilleerleben.de%2Fsilence%2Ftermin-vereinbaren%2F|title:Termin%20vereinbaren|target:_blank&#8220; css=&#8220;.vc_custom_1666614132278{border-top-width: 1px !important;border-right-width: 1px !important;border-bottom-width: 1px !important;border-left-width: 1px !important;padding-top: 15px !important;padding-bottom: 15px !important;background-color: #ffffff !important;border-left-color: #95c11f !important;border-left-style: solid !important;border-right-color: #95c11f !important;border-right-style: solid !important;border-top-color: #95c11f !important;border-top-style: solid !important;border-bottom-color: #95c11f !important;border-bottom-style: solid !important;border-radius: 25px !important;}&#8220;]<\/p>\n<ul>\n<li>G\u00f6nnen Sie sich eine kleine Auszeit f\u00fcr Zwischendurch mit einer Handmassage<br \/>\nincl. Handbad und Peeling<\/li>\n<\/ul>\n<p>[\/stm_pricing_table][\/vc_column][vc_column width=&#8220;5\/12&#8243;][stm_pricing_table title_font_weight=&#8220;400&#8243; title_font_size=&#8220;&#8220; title_color=&#8220;&#8220; price_font_weight=&#8220;400&#8243; price_font_size=&#8220;&#8220; price_color=&#8220;&#8220; price_desc_font_weight=&#8220;400&#8243; price_desc_color=&#8220;&#8220; content_font_size=&#8220;&#8220; content_color=&#8220;&#8220; image_id=&#8220;412&#8243; title=&#8220;Fu\u00dfmassage mit Fu\u00dfbad und Peeling&#8220; price=&#8220;25,00 EUR&#8220; price_desc=&#8220;30 Minuten&#8220; button=&#8220;url:https%3A%2F%2Fsilence-stilleerleben.de%2Fsilence%2Ftermin-vereinbaren%2F|title:Termin%20vereinbaren|target:_blank&#8220; css=&#8220;.vc_custom_1666614151009{border-top-width: 1px !important;border-right-width: 1px !important;border-bottom-width: 1px !important;border-left-width: 1px !important;padding-top: 15px !important;padding-bottom: 15px !important;background-color: #ffffff !important;border-left-color: #95c11f !important;border-left-style: solid !important;border-right-color: #95c11f !important;border-right-style: solid !important;border-top-color: #95c11f !important;border-top-style: solid !important;border-bottom-color: #95c11f !important;border-bottom-style: solid !important;border-radius: 25px !important;}&#8220;]<\/p>\n<ul>\n<li>G\u00f6nnen Sie sich eine kleine Auszeit f\u00fcr Zwischendurch mit einer wohltuenden Fu\u00dfmassage<br \/>\nincl. Fu\u00dfbad und Peeling<\/li>\n<\/ul>\n<p>[\/stm_pricing_table][\/vc_column][vc_column width=&#8220;1\/12&#8243;][\/vc_column][\/vc_row][vc_row full_width=&#8220;stretch_row&#8220; show_bump=&#8220;true&#8220; css=&#8220;.vc_custom_1470149543975{background-color: #deed93 !important;}&#8220;][vc_column][vc_empty_space height=&#8220;64px&#8220; css=&#8220;.vc_custom_1470150409259{background-color: #deed93 !important;}&#8220;][vc_custom_heading text=&#8220;Die gro\u00dfe Auszeit nur f\u00fcr MICH&#8220; use_theme_fonts=&#8220;yes&#8220;][vc_empty_space][vc_column_text]inkl.Vorgespr\u00e4ch, Fu\u00dfbad und Nachruhezeit.<\/p>\n<p>Nach der Behandlung einen entspannten Ausklang bei einer Tasse Bio-Tee.[\/vc_column_text][vc_empty_space][\/vc_column][\/vc_row][vc_row full_width=&#8220;stretch_row&#8220; show_bump=&#8220;true&#8220; css=&#8220;.vc_custom_1470150029738{background-color: #deed93 !important;}&#8220;][vc_column width=&#8220;1\/2&#8243;][stm_pricing_table title_font_weight=&#8220;400&#8243; title_font_size=&#8220;&#8220; title_color=&#8220;&#8220; price_font_weight=&#8220;400&#8243; price_font_size=&#8220;&#8220; price_color=&#8220;&#8220; price_desc_font_weight=&#8220;400&#8243; price_desc_color=&#8220;&#8220; content_font_size=&#8220;&#8220; content_color=&#8220;&#8220; image_id=&#8220;412&#8243; title=&#8220;Kr\u00e4uterstempel-Ganzk\u00f6rpermassage inkl. Gesichtsstempel&#8220; price=&#8220;60,00 EUR&#8220; price_desc=&#8220;60 Minuten&#8220; button=&#8220;url:https%3A%2F%2Fsilence-stilleerleben.de%2Fsilence%2Ftermin-vereinbaren%2F|title:Termin%20vereinbaren|target:_blank&#8220; css=&#8220;.vc_custom_1705693607709{border-top-width: 1px !important;border-right-width: 1px !important;border-bottom-width: 1px !important;border-left-width: 1px !important;padding-top: 15px !important;padding-bottom: 15px !important;background-color: #ffffff !important;border-left-color: #95c11f !important;border-left-style: solid !important;border-right-color: #95c11f !important;border-right-style: solid !important;border-top-color: #95c11f !important;border-top-style: solid !important;border-bottom-color: #95c11f !important;border-bottom-style: solid !important;border-radius: 25px !important;}&#8220;]<\/p>\n<ul>\n<li>G\u00f6nnen Sie sich die gro\u00dfe\u00a0Auszeit nur f\u00fcr Sie\u00a0mit einer Kr\u00e4uterstempel-Ganzk\u00f6rpermassage\u00a0inkl.\u00a0Gesichtsstempel.<\/li>\n<\/ul>\n<p>[\/stm_pricing_table][\/vc_column][vc_column width=&#8220;1\/2&#8243;][stm_pricing_table title_font_weight=&#8220;400&#8243; title_font_size=&#8220;&#8220; title_color=&#8220;&#8220; price_font_weight=&#8220;400&#8243; price_font_size=&#8220;&#8220; price_color=&#8220;&#8220; price_desc_font_weight=&#8220;400&#8243; price_desc_color=&#8220;&#8220; content_font_size=&#8220;&#8220; content_color=&#8220;&#8220; image_id=&#8220;412&#8243; title=&#8220;Aroma- Ganzk\u00f6rpermassage&#8220; price=&#8220;55,00 EUR&#8220; price_desc=&#8220;60 Minuten&#8220; button=&#8220;url:https%3A%2F%2Fsilence-stilleerleben.de%2Fsilence%2Ftermin-vereinbaren%2F|title:Termin%20vereinbaren|target:_blank&#8220; css=&#8220;.vc_custom_1705693982865{border-top-width: 1px !important;border-right-width: 1px !important;border-bottom-width: 1px !important;border-left-width: 1px !important;padding-top: 15px !important;padding-bottom: 15px !important;background-color: #ffffff !important;border-left-color: #95c11f !important;border-left-style: solid !important;border-right-color: #95c11f !important;border-right-style: solid !important;border-top-color: #95c11f !important;border-top-style: solid !important;border-bottom-color: #95c11f !important;border-bottom-style: solid !important;border-radius: 25px !important;}&#8220;]<\/p>\n<ul>\n<li>G\u00f6nnen Sie sich die gro\u00dfe\u00a0Auszeit nur f\u00fcr Sie\u00a0mit einer Aroma- Ganzk\u00f6rpermassage.<\/li>\n<\/ul>\n<p>[\/stm_pricing_table][\/vc_column][\/vc_row][vc_row full_width=&#8220;stretch_row&#8220; show_bump=&#8220;true&#8220; css=&#8220;.vc_custom_1470148511452{background-color: #deed93 !important;}&#8220;][vc_column][vc_empty_space height=&#8220;64px&#8220; css=&#8220;.vc_custom_1470150434448{background-color: #deed93 !important;}&#8220;][vc_custom_heading text=&#8220;MediAkupressur&#8220; use_theme_fonts=&#8220;yes&#8220;][vc_empty_space][\/vc_column][\/vc_row][vc_row full_width=&#8220;stretch_row&#8220; show_bump=&#8220;true&#8220; css=&#8220;.vc_custom_1470150565102{background-color: #deed93 !important;}&#8220;][vc_column width=&#8220;1\/12&#8243;][\/vc_column][vc_column width=&#8220;5\/12&#8243;][stm_pricing_table title_font_weight=&#8220;400&#8243; title_font_size=&#8220;&#8220; title_color=&#8220;&#8220; price_font_weight=&#8220;400&#8243; price_font_size=&#8220;&#8220; price_color=&#8220;&#8220; price_desc_font_weight=&#8220;400&#8243; price_desc_color=&#8220;&#8220; content_font_size=&#8220;&#8220; content_color=&#8220;&#8220; image_id=&#8220;412&#8243; title=&#8220;MediAkupress\u00ae &#8211; Anwendung \u201eNach dem Konzept begleitende H\u00e4nde\u201c&#8220; price=&#8220;25,00 EUR&#8220; price_desc=&#8220;30 Minuten&#8220; button=&#8220;url:https%3A%2F%2Fsilence-stilleerleben.de%2Fsilence%2Ftermin-vereinbaren%2F|title:Termin%20vereinbaren|target:_blank&#8220; css=&#8220;.vc_custom_1666614206033{border-top-width: 1px !important;border-right-width: 1px !important;border-bottom-width: 1px !important;border-left-width: 1px !important;padding-top: 15px !important;padding-right: 20px !important;padding-bottom: 15px !important;padding-left: 20px !important;background-color: #ffffff !important;border-left-color: #95c11f !important;border-left-style: solid !important;border-right-color: #95c11f !important;border-right-style: solid !important;border-top-color: #95c11f !important;border-top-style: solid !important;border-bottom-color: #95c11f !important;border-bottom-style: solid !important;border-radius: 25px !important;}&#8220;]MediAkupress\u00ae ist eine wirkungsvolle Unterst\u00fctzung und Begleitung bei verschiedenen Symptomenkomplexen wie zum Beispiel:<\/p>\n<ul class=\"pfeil\">\n<li style=\"text-align: left;\">Angst und Unruhe<\/li>\n<li style=\"text-align: left;\">Schmerz<\/li>\n<li style=\"text-align: left;\">Verspannung<\/li>\n<li style=\"text-align: left;\">\u00dcbelkeit und Erbrechen<\/li>\n<li style=\"text-align: left;\">Erschwerte Atmung \/ Verschleimung<\/li>\n<li style=\"text-align: left;\">Obstipation und Durchfall<\/li>\n<\/ul>\n<p>[\/stm_pricing_table][\/vc_column][vc_column width=&#8220;5\/12&#8243;][stm_pricing_table title_font_weight=&#8220;400&#8243; title_font_size=&#8220;&#8220; title_color=&#8220;&#8220; price_font_weight=&#8220;400&#8243; price_font_size=&#8220;&#8220; price_color=&#8220;&#8220; price_desc_font_weight=&#8220;400&#8243; price_desc_color=&#8220;&#8220; content_font_size=&#8220;&#8220; content_color=&#8220;&#8220; image_id=&#8220;412&#8243; title=&#8220;MediAkupress\u00ae &#8211; Anwendung \u201eNach dem Konzept begleitende H\u00e4nde\u201c&#8220; price=&#8220;50,00 EUR&#8220; price_desc=&#8220;60 Minuten&#8220; button=&#8220;url:https%3A%2F%2Fsilence-stilleerleben.de%2Fsilence%2Ftermin-vereinbaren%2F|title:Termin%20vereinbaren|target:_blank&#8220; css=&#8220;.vc_custom_1666614219117{border-top-width: 1px !important;border-right-width: 1px !important;border-bottom-width: 1px !important;border-left-width: 1px !important;padding-top: 15px !important;padding-right: 20px !important;padding-bottom: 15px !important;padding-left: 20px !important;background-color: #ffffff !important;border-left-color: #95c11f !important;border-left-style: solid !important;border-right-color: #95c11f !important;border-right-style: solid !important;border-top-color: #95c11f !important;border-top-style: solid !important;border-bottom-color: #95c11f !important;border-bottom-style: solid !important;border-radius: 25px !important;}&#8220;]MediAkupress\u00ae ist eine wirkungsvolle Unterst\u00fctzung und Begleitung bei verschiedenen Symptomenkomplexen wie zum Beispiel:<\/p>\n<ul class=\"pfeil\">\n<li style=\"text-align: left;\">Angst und Unruhe<\/li>\n<li style=\"text-align: left;\">Schmerz<\/li>\n<li style=\"text-align: left;\">Verspannung<\/li>\n<li style=\"text-align: left;\">\u00dcbelkeit und Erbrechen<\/li>\n<li style=\"text-align: left;\">Erschwerte Atmung \/ Verschleimung<\/li>\n<li style=\"text-align: left;\">Obstipation und Durchfall<\/li>\n<\/ul>\n<p>[\/stm_pricing_table][\/vc_column][vc_column width=&#8220;1\/12&#8243;][\/vc_column][\/vc_row][vc_row full_width=&#8220;stretch_row&#8220; show_bump=&#8220;true&#8220; css=&#8220;.vc_custom_1470148382465{background-color: #deed93 !important;}&#8220;][vc_column][vc_empty_space height=&#8220;64px&#8220;][vc_custom_heading text=&#8220;Duftkommunikation&#8220; use_theme_fonts=&#8220;yes&#8220;][vc_empty_space css=&#8220;.vc_custom_1470148803007{background-color: #deed93 !important;}&#8220;][\/vc_column][\/vc_row][vc_row full_width=&#8220;stretch_row&#8220; show_bump=&#8220;true&#8220; css=&#8220;.vc_custom_1470150150282{background-color: #deed93 !important;}&#8220;][vc_column][stm_pricing_table title_font_weight=&#8220;400&#8243; title_font_size=&#8220;&#8220; title_color=&#8220;&#8220; price_font_weight=&#8220;400&#8243; price_font_size=&#8220;&#8220; price_color=&#8220;&#8220; price_desc_font_weight=&#8220;400&#8243; price_desc_color=&#8220;&#8220; content_font_size=&#8220;&#8220; content_color=&#8220;&#8220; image_id=&#8220;412&#8243; title=&#8220;Duftkommunikation&#8220; price=&#8220;50,00 EUR&#8220; price_desc=&#8220;60 Minuten&#8220; button=&#8220;url:https%3A%2F%2Fsilence-stilleerleben.de%2Fsilence%2Ftermin-vereinbaren%2F|title:Termin%20vereinbaren|target:_blank&#8220; css=&#8220;.vc_custom_1666614234338{border-top-width: 1px !important;border-right-width: 1px !important;border-bottom-width: 1px !important;border-left-width: 1px !important;padding-top: 15px !important;padding-bottom: 15px !important;background-color: #ffffff !important;border-left-color: #95c11f !important;border-left-style: solid !important;border-right-color: #95c11f !important;border-right-style: solid !important;border-top-color: #95c11f !important;border-top-style: solid !important;border-bottom-color: #95c11f !important;border-bottom-style: solid !important;border-radius: 25px !important;}&#8220;]Duftkommunikation\u00a0kann unterst\u00fctzend, st\u00e4rkend und begleitend eingesetzt werden.[\/stm_pricing_table][\/vc_column][\/vc_row][vc_row full_width=&#8220;stretch_row&#8220; show_bump=&#8220;true&#8220; css=&#8220;.vc_custom_1470148430557{background-color: #deed93 !important;}&#8220;][vc_column][vc_empty_space height=&#8220;64px&#8220; css=&#8220;.vc_custom_1470150457872{background-color: #deed93 !important;}&#8220;][vc_custom_heading text=&#8220;Beratung pflegender Angeh\u00f6riger &#8211; Erstgespr\u00e4ch&#8220; use_theme_fonts=&#8220;yes&#8220;][vc_empty_space][\/vc_column][\/vc_row][vc_row full_width=&#8220;stretch_row&#8220; show_bump=&#8220;true&#8220; css=&#8220;.vc_custom_1470150162555{background-color: #deed93 !important;}&#8220;][vc_column][stm_pricing_table title_font_weight=&#8220;400&#8243; title_font_size=&#8220;&#8220; title_color=&#8220;&#8220; price_font_weight=&#8220;400&#8243; price_font_size=&#8220;&#8220; price_color=&#8220;&#8220; price_desc_font_weight=&#8220;400&#8243; price_desc_color=&#8220;&#8220; content_font_size=&#8220;&#8220; content_color=&#8220;&#8220; image_id=&#8220;412&#8243; title=&#8220;Erstgespr\u00e4ch zur Beratung pflegender Angeh\u00f6riger&#8220; price=&#8220;kostenfrei&#8220; price_desc=&#8220;30 Minuten&#8220; button=&#8220;url:https%3A%2F%2Fsilence-stilleerleben.de%2Fsilence%2Ftermin-vereinbaren%2F|title:Termin%20vereinbaren|target:_blank&#8220; css=&#8220;.vc_custom_1666614250628{border-top-width: 1px !important;border-right-width: 1px !important;border-bottom-width: 1px !important;border-left-width: 1px !important;padding-top: 15px !important;padding-bottom: 15px !important;background-color: #ffffff !important;border-left-color: #95c11f !important;border-left-style: solid !important;border-right-color: #95c11f !important;border-right-style: solid !important;border-top-color: #95c11f !important;border-top-style: solid !important;border-bottom-color: #95c11f !important;border-bottom-style: solid !important;border-radius: 25px !important;}&#8220;]Die Preise f\u00fcr weitere Beratungen werden im Erstgespr\u00e4ch besprochen.[\/stm_pricing_table][vc_empty_space height=&#8220;64px&#8220;][\/vc_column][\/vc_row]<\/p>\n","protected":false},"excerpt":{"rendered":"<p>[vc_row full_width=&#8220;stretch_row&#8220; show_bump=&#8220;true&#8220; css=&#8220;.vc_custom_1467225283119{background-color: #deed93 !important;}&#8220;][vc_column][vc_empty_space][vc_custom_heading text=&#8220;Die kleine Auszeit f\u00fcr Zwischendurch&#8220; use_theme_fonts=&#8220;yes&#8220;][vc_empty_space][\/vc_column][\/vc_row][vc_row full_width=&#8220;stretch_row&#8220; show_bump=&#8220;true&#8220; css=&#8220;.vc_custom_1649430422083{padding-bottom:&#8230;<\/p>\n","protected":false},"author":1,"featured_media":0,"parent":0,"menu_order":0,"comment_status":"closed","ping_status":"closed","template":"","meta":{"footnotes":""},"class_list":["post-456","page","type-page","status-publish","hentry"],"_links":{"self":[{"href":"https:\/\/silence-stilleerleben.de\/silence\/wp-json\/wp\/v2\/pages\/456","targetHints":{"allow":["GET"]}}],"collection":[{"href":"https:\/\/silence-stilleerleben.de\/silence\/wp-json\/wp\/v2\/pages"}],"about":[{"href":"https:\/\/silence-stilleerleben.de\/silence\/wp-json\/wp\/v2\/types\/page"}],"author":[{"embeddable":true,"href":"https:\/\/silence-stilleerleben.de\/silence\/wp-json\/wp\/v2\/users\/1"}],"replies":[{"embeddable":true,"href":"https:\/\/silence-stilleerleben.de\/silence\/wp-json\/wp\/v2\/comments?post=456"}],"version-history":[{"count":5,"href":"https:\/\/silence-stilleerleben.de\/silence\/wp-json\/wp\/v2\/pages\/456\/revisions"}],"predecessor-version":[{"id":3240,"href":"https:\/\/silence-stilleerleben.de\/silence\/wp-json\/wp\/v2\/pages\/456\/revisions\/3240"}],"wp:attachment":[{"href":"https:\/\/silence-stilleerleben.de\/silence\/wp-json\/wp\/v2\/media?parent=456"}],"curies":[{"name":"wp","href":"https:\/\/api.w.org\/{rel}","templated":true}]}}