{"id":3270,"date":"2025-02-14T18:28:31","date_gmt":"2025-02-14T17:28:31","guid":{"rendered":"https:\/\/silence-stilleerleben.de\/silence\/?page_id=3270"},"modified":"2025-02-14T18:28:31","modified_gmt":"2025-02-14T17:28:31","slug":"anmeldung-zurzertifizierung-zu-mediakupress-praktikerin-24-ue","status":"publish","type":"page","link":"https:\/\/silence-stilleerleben.de\/silence\/anmeldung-zurzertifizierung-zu-mediakupress-praktikerin-24-ue\/","title":{"rendered":"Anmeldung zur\u201eZertifizierung zu MediAkupress-Praktiker*in \u2013 24 UE \u201c"},"content":{"rendered":"<p>[vc_row][vc_column][vc_custom_heading text=&#8220;Sie m\u00f6chten gerne an der \u201eZertifizierung zu MediAkupress-Praktiker*in\u201c teilnehmen ?&#8220; font_container=&#8220;tag:h3|text_align:left&#8220; use_theme_fonts=&#8220;yes&#8220;][vc_column_text css=&#8220;.vc_custom_1677417964601{margin-top: 15px !important;margin-bottom: 15px !important;}&#8220;]Bitte hinterlassen Sie einfach ihre Kontaktdaten, best\u00e4tigen die Teilnahme und senden uns Ihre Anmeldung.<\/p>\n<p>Nach Pr\u00fcfung der freien Pl\u00e4tze erhalten Sie eine Best\u00e4tigung zur Teilnahme an der \u201eZertifizierung zu MediAkupress-Praktiker*in<strong>\u201c<\/strong>.[\/vc_column_text][\/vc_column][\/vc_row][vc_row][vc_column][vc_empty_space][stm_contact_form7 form_id=&#8220;3266&#8243;][\/vc_column][\/vc_row]<\/p>\n","protected":false},"excerpt":{"rendered":"<p>[vc_row][vc_column][vc_custom_heading text=&#8220;Sie m\u00f6chten gerne an der \u201eZertifizierung zu MediAkupress-Praktiker*in\u201c teilnehmen ?&#8220; font_container=&#8220;tag:h3|text_align:left&#8220; use_theme_fonts=&#8220;yes&#8220;][vc_column_text css=&#8220;.vc_custom_1677417964601{margin-top: 15px&#8230;<\/p>\n","protected":false},"author":1,"featured_media":0,"parent":0,"menu_order":0,"comment_status":"closed","ping_status":"closed","template":"","meta":{"footnotes":""},"class_list":["post-3270","page","type-page","status-publish","hentry"],"_links":{"self":[{"href":"https:\/\/silence-stilleerleben.de\/silence\/wp-json\/wp\/v2\/pages\/3270","targetHints":{"allow":["GET"]}}],"collection":[{"href":"https:\/\/silence-stilleerleben.de\/silence\/wp-json\/wp\/v2\/pages"}],"about":[{"href":"https:\/\/silence-stilleerleben.de\/silence\/wp-json\/wp\/v2\/types\/page"}],"author":[{"embeddable":true,"href":"https:\/\/silence-stilleerleben.de\/silence\/wp-json\/wp\/v2\/users\/1"}],"replies":[{"embeddable":true,"href":"https:\/\/silence-stilleerleben.de\/silence\/wp-json\/wp\/v2\/comments?post=3270"}],"version-history":[{"count":1,"href":"https:\/\/silence-stilleerleben.de\/silence\/wp-json\/wp\/v2\/pages\/3270\/revisions"}],"predecessor-version":[{"id":3271,"href":"https:\/\/silence-stilleerleben.de\/silence\/wp-json\/wp\/v2\/pages\/3270\/revisions\/3271"}],"wp:attachment":[{"href":"https:\/\/silence-stilleerleben.de\/silence\/wp-json\/wp\/v2\/media?parent=3270"}],"curies":[{"name":"wp","href":"https:\/\/api.w.org\/{rel}","templated":true}]}}