{"id":3174,"date":"2023-03-16T21:35:35","date_gmt":"2023-03-16T20:35:35","guid":{"rendered":"https:\/\/silence-stilleerleben.de\/silence\/?page_id=3174"},"modified":"2023-09-06T22:04:52","modified_gmt":"2023-09-06T20:04:52","slug":"anmeldung-zum-modul-regulierung-haeufigster-symptome","status":"publish","type":"page","link":"https:\/\/silence-stilleerleben.de\/silence\/anmeldung-zum-modul-regulierung-haeufigster-symptome\/","title":{"rendered":"Anmeldung zum Modul \u201eRegulierung h\u00e4ufigster Symptome\u201c"},"content":{"rendered":"<p>[vc_row][vc_column][vc_custom_heading text=&#8220;Sie m\u00f6chten gerne am Modul Mediakupress \u201eRegulierung h\u00e4ufigster Symptome\u201c teilnehmen ?&#8220; font_container=&#8220;tag:h3|text_align:left&#8220; use_theme_fonts=&#8220;yes&#8220;][vc_column_text css=&#8220;.vc_custom_1694028679650{margin-top: 15px !important;margin-bottom: 15px !important;}&#8220;]Bitte hinterlassen Sie einfach ihre Kontaktdaten, w\u00e4hlen einen Termin, best\u00e4tigen die Teilnahme und senden uns Ihre Anmeldung.<\/p>\n<p>Nach Pr\u00fcfung der freien Pl\u00e4tze erhalten Sie eine Best\u00e4tigung zur Teilnahme am Modul Mediakupress \u201eRegulierung h\u00e4ufigster Symptome\u201c.[\/vc_column_text][\/vc_column][\/vc_row][vc_row][vc_column][vc_empty_space][stm_contact_form7 form_id=&#8220;3173&#8243;][\/vc_column][\/vc_row]<\/p>\n","protected":false},"excerpt":{"rendered":"<p>[vc_row][vc_column][vc_custom_heading text=&#8220;Sie m\u00f6chten gerne am Modul Mediakupress \u201eRegulierung h\u00e4ufigster Symptome\u201c teilnehmen ?&#8220; font_container=&#8220;tag:h3|text_align:left&#8220; use_theme_fonts=&#8220;yes&#8220;][vc_column_text css=&#8220;.vc_custom_1694028679650{margin-top:&#8230;<\/p>\n","protected":false},"author":1,"featured_media":0,"parent":0,"menu_order":0,"comment_status":"closed","ping_status":"closed","template":"","meta":{"footnotes":""},"class_list":["post-3174","page","type-page","status-publish","hentry"],"_links":{"self":[{"href":"https:\/\/silence-stilleerleben.de\/silence\/wp-json\/wp\/v2\/pages\/3174","targetHints":{"allow":["GET"]}}],"collection":[{"href":"https:\/\/silence-stilleerleben.de\/silence\/wp-json\/wp\/v2\/pages"}],"about":[{"href":"https:\/\/silence-stilleerleben.de\/silence\/wp-json\/wp\/v2\/types\/page"}],"author":[{"embeddable":true,"href":"https:\/\/silence-stilleerleben.de\/silence\/wp-json\/wp\/v2\/users\/1"}],"replies":[{"embeddable":true,"href":"https:\/\/silence-stilleerleben.de\/silence\/wp-json\/wp\/v2\/comments?post=3174"}],"version-history":[{"count":4,"href":"https:\/\/silence-stilleerleben.de\/silence\/wp-json\/wp\/v2\/pages\/3174\/revisions"}],"predecessor-version":[{"id":3196,"href":"https:\/\/silence-stilleerleben.de\/silence\/wp-json\/wp\/v2\/pages\/3174\/revisions\/3196"}],"wp:attachment":[{"href":"https:\/\/silence-stilleerleben.de\/silence\/wp-json\/wp\/v2\/media?parent=3174"}],"curies":[{"name":"wp","href":"https:\/\/api.w.org\/{rel}","templated":true}]}}