{"id":3149,"date":"2022-11-19T15:50:03","date_gmt":"2022-11-19T14:50:03","guid":{"rendered":"https:\/\/silence-stilleerleben.de\/silence\/?page_id=3149"},"modified":"2023-12-04T17:25:01","modified_gmt":"2023-12-04T16:25:01","slug":"anmeldung-zum-aufbaukurs-modul-spastik-kontrakturen-schmerz-am-11-12-11-2024","status":"publish","type":"page","link":"https:\/\/silence-stilleerleben.de\/silence\/anmeldung-zum-aufbaukurs-modul-spastik-kontrakturen-schmerz-am-11-12-11-2024\/","title":{"rendered":"Anmeldung zum \u201eAufbaukurs \u2013 Modul: Spastik, Kontrakturen, Schmerz\u201c  am 11.\/12.11.2024"},"content":{"rendered":"<p>[vc_row][vc_column][vc_custom_heading text=&#8220;Sie m\u00f6chten gerne am Mediakupress \u201eAufbaukurs \u2013 Modul: Spastik, Kontrakturen, Schmerz\u201c teilnehmen ?&#8220; font_container=&#8220;tag:h3|text_align:left&#8220; use_theme_fonts=&#8220;yes&#8220;][vc_column_text css=&#8220;.vc_custom_1668869376032{margin-top: 15px !important;margin-bottom: 15px !important;}&#8220;]Bitte hinterlassen Sie einfach ihre Kontaktdaten, best\u00e4tigen die Teilnahme und senden uns Ihre Anmeldung.<\/p>\n<p>Nach Pr\u00fcfung der freien Pl\u00e4tze erhalten Sie eine Best\u00e4tigung zur Teilnahme am Mediakupress \u201eAufbaukurs -Modul: Spastik, Kontrakturen, Schmerz<strong>\u201c<\/strong>.[\/vc_column_text][\/vc_column][\/vc_row][vc_row][vc_column][vc_empty_space][stm_contact_form7 form_id=&#8220;3147&#8243;][\/vc_column][\/vc_row]<\/p>\n","protected":false},"excerpt":{"rendered":"<p>[vc_row][vc_column][vc_custom_heading text=&#8220;Sie m\u00f6chten gerne am Mediakupress \u201eAufbaukurs \u2013 Modul: Spastik, Kontrakturen, Schmerz\u201c teilnehmen ?&#8220; font_container=&#8220;tag:h3|text_align:left&#8220;&#8230;<\/p>\n","protected":false},"author":1,"featured_media":0,"parent":0,"menu_order":0,"comment_status":"closed","ping_status":"closed","template":"","meta":{"footnotes":""},"class_list":["post-3149","page","type-page","status-publish","hentry"],"_links":{"self":[{"href":"https:\/\/silence-stilleerleben.de\/silence\/wp-json\/wp\/v2\/pages\/3149","targetHints":{"allow":["GET"]}}],"collection":[{"href":"https:\/\/silence-stilleerleben.de\/silence\/wp-json\/wp\/v2\/pages"}],"about":[{"href":"https:\/\/silence-stilleerleben.de\/silence\/wp-json\/wp\/v2\/types\/page"}],"author":[{"embeddable":true,"href":"https:\/\/silence-stilleerleben.de\/silence\/wp-json\/wp\/v2\/users\/1"}],"replies":[{"embeddable":true,"href":"https:\/\/silence-stilleerleben.de\/silence\/wp-json\/wp\/v2\/comments?post=3149"}],"version-history":[{"count":3,"href":"https:\/\/silence-stilleerleben.de\/silence\/wp-json\/wp\/v2\/pages\/3149\/revisions"}],"predecessor-version":[{"id":3237,"href":"https:\/\/silence-stilleerleben.de\/silence\/wp-json\/wp\/v2\/pages\/3149\/revisions\/3237"}],"wp:attachment":[{"href":"https:\/\/silence-stilleerleben.de\/silence\/wp-json\/wp\/v2\/media?parent=3149"}],"curies":[{"name":"wp","href":"https:\/\/api.w.org\/{rel}","templated":true}]}}