{"id":3004,"date":"2015-06-03T07:07:00","date_gmt":"2015-06-03T05:07:00","guid":{"rendered":"http:\/\/healthcoach.stylemixthemes.com\/demo\/?page_id=8"},"modified":"2022-10-24T16:34:25","modified_gmt":"2022-10-24T14:34:25","slug":"angebote","status":"publish","type":"page","link":"https:\/\/silence-stilleerleben.de\/silence\/angebote\/","title":{"rendered":"Mein Angebot f\u00fcr Sie"},"content":{"rendered":"<p>[vc_row full_width=&#8220;stretch_row&#8220; icon_type=&#8220;fontawesome&#8220; show_bump=&#8220;true&#8220; css=&#8220;.vc_custom_1464536415235{margin-bottom: 25px !important;padding-top: 86px !important;}&#8220; bump_color=&#8220;#ffffff&#8220; icon_size=&#8220;45px&#8220; bump_offset=&#8220;-42px&#8220; icon_spacing=&#8220;28px&#8220; icon_fontawesome=&#8220;fa fa-modx&#8220;][vc_column][stm_services service_type=&#8220;archive&#8220; cols=&#8220;4&#8243; category=&#8220;0&#8243; service_view=&#8220;archive&#8220; service_style=&#8220;default&#8220; services_cols=&#8220;3&#8243; icon_container_height=&#8220;55px&#8220; count=&#8220;4&#8243; css=&#8220;.vc_custom_1649431620346{margin-bottom: 16px !important;}&#8220;][vc_row_inner][vc_column_inner width=&#8220;1\/4&#8243;][vc_column_text css=&#8220;.vc_custom_1649431581884{margin-bottom: 30px !important;}&#8220;]<span class=\"p2\">\u201eEin Gro\u00dfteil unserer Gesellschaft leidet unter &#8222;Stress&#8220;, dieser beeintr\u00e4chtigt nicht nur das k\u00f6rperliche Wohlbefinden, sondern permanenter Stress kann auch Ihre Lebensqualit\u00e4t beeintr\u00e4chtigen.&#8220;<\/span>[\/vc_column_text][\/vc_column_inner][vc_column_inner width=&#8220;1\/4&#8243;][vc_column_text css=&#8220;.vc_custom_1475944150812{margin-bottom: 30px !important;}&#8220; el_class=&#8220;p2&#8243;]<span class=\"p2\">Entspannung g\u00f6nnen, sich eine Auszeit nehmen, f\u00fcr eine gewisse Zeit den Alltag hinter sich lassen und abschalten, sich selbst mal in den Mittelpunkt stellen, das sollte sich jeder Mensch wert sein.<\/span>[\/vc_column_text][\/vc_column_inner][vc_column_inner width=&#8220;1\/4&#8243;][vc_column_text css=&#8220;.vc_custom_1475944166410{margin-bottom: 30px !important;}&#8220; el_class=&#8220;p2&#8243;]<span class=\"p2\">\u00c4therische \u00d6le k\u00f6nnen helfen das Ungleichgewicht im K\u00f6rper wieder ins Lot zu bringen, da sie nicht nur symptomatisch, sondern auch ausgleichend und harmonisierend auf den ganzen Menschen wirken.<\/span>[\/vc_column_text][\/vc_column_inner][vc_column_inner width=&#8220;1\/4&#8243;][vc_column_text css=&#8220;.vc_custom_1649431849630{margin-bottom: 30px !important;}&#8220; el_class=&#8220;p2&#8243;]<span class=\"p2\">MediAkupress\u00ae und das Konzept \u201eBegleitende H\u00e4nde\u201c ist eine sanfte Behandlungsmethode mittels Akupressur bei der verschiedene Punkte des K\u00f6rpers mit leichtem Druck gehalten werden und so zur Symptomlinderung beitragen.<\/span><\/p>\n<p>[\/vc_column_text][\/vc_column_inner][\/vc_row_inner][vc_empty_space height=&#8220;60px&#8220;][vc_row_inner][vc_column_inner][vc_single_image image=&#8220;3042&#8243; img_size=&#8220;600 x 315&#8243; alignment=&#8220;center&#8220; style=&#8220;vc_box_rounded&#8220; onclick=&#8220;custom_link&#8220; css_animation=&#8220;appear&#8220; css=&#8220;.vc_custom_1666622060113{border-radius: 25px !important;}&#8220; link=&#8220;https:\/\/www.silence-stilleerleben.de\/cms\/service\/komplementaere-begleitung-von-onkologischen-patienten\/&#8220;][vc_custom_heading text=&#8220;Komplement\u00e4re Begleitung von onkologischen Patient*innen&#8220; font_container=&#8220;tag:h2|font_size:20px|text_align:center|color:%23444444|line_height:30px&#8220; css=&#8220;.vc_custom_1649425123156{margin-top: -40px !important;margin-bottom: 20px !important;padding-top: 25px !important;}&#8220;][vc_column_text css=&#8220;.vc_custom_1649428527536{padding-bottom: 25px !important;}&#8220;]<\/p>\n<h4 style=\"text-align: center;\">Ab sofort biete ich Einzel- und Gruppengespr\u00e4che f\u00fcr onkologische Patient*innen in meiner Gesundheitspraxis an. Ich zeige Dir wie du dich mit komplement\u00e4ren Methoden wie z.B. Aromatherapie, MediAkupressur\u00ae\ufe0f und anderen naturheilkundlichen Ma\u00dfnahmen seelisch und k\u00f6rperlich st\u00e4rken kannst.<\/h4>\n<p>[\/vc_column_text][\/vc_column_inner][\/vc_row_inner][vc_empty_space height=&#8220;60px&#8220;][\/vc_column][\/vc_row][vc_row full_width=&#8220;stretch_row&#8220; show_bump=&#8220;true&#8220; css=&#8220;.vc_custom_1477936839907{margin-bottom: 0px !important;padding-top: 49px !important;padding-bottom: 30px !important;background-color: #b8d858 !important;background-position: center !important;background-repeat: no-repeat !important;background-size: cover !important;}&#8220;][vc_column css=&#8220;.vc_custom_1475964512073{margin-top: 45px !important;}&#8220;][rev_slider_vc alias=&#8220;mein-angebot-fuer-sie&#8220;][\/vc_column][\/vc_row]<\/p>\n","protected":false},"excerpt":{"rendered":"<p>[vc_row full_width=&#8220;stretch_row&#8220; icon_type=&#8220;fontawesome&#8220; show_bump=&#8220;true&#8220; css=&#8220;.vc_custom_1464536415235{margin-bottom: 25px !important;padding-top: 86px !important;}&#8220; bump_color=&#8220;#ffffff&#8220; icon_size=&#8220;45px&#8220; bump_offset=&#8220;-42px&#8220; icon_spacing=&#8220;28px&#8220; icon_fontawesome=&#8220;fa fa-modx&#8220;][vc_column][stm_services&#8230;<\/p>\n","protected":false},"author":1,"featured_media":0,"parent":0,"menu_order":0,"comment_status":"closed","ping_status":"closed","template":"","meta":{"footnotes":""},"class_list":["post-3004","page","type-page","status-publish","hentry"],"_links":{"self":[{"href":"https:\/\/silence-stilleerleben.de\/silence\/wp-json\/wp\/v2\/pages\/3004","targetHints":{"allow":["GET"]}}],"collection":[{"href":"https:\/\/silence-stilleerleben.de\/silence\/wp-json\/wp\/v2\/pages"}],"about":[{"href":"https:\/\/silence-stilleerleben.de\/silence\/wp-json\/wp\/v2\/types\/page"}],"author":[{"embeddable":true,"href":"https:\/\/silence-stilleerleben.de\/silence\/wp-json\/wp\/v2\/users\/1"}],"replies":[{"embeddable":true,"href":"https:\/\/silence-stilleerleben.de\/silence\/wp-json\/wp\/v2\/comments?post=3004"}],"version-history":[{"count":1,"href":"https:\/\/silence-stilleerleben.de\/silence\/wp-json\/wp\/v2\/pages\/3004\/revisions"}],"predecessor-version":[{"id":3083,"href":"https:\/\/silence-stilleerleben.de\/silence\/wp-json\/wp\/v2\/pages\/3004\/revisions\/3083"}],"wp:attachment":[{"href":"https:\/\/silence-stilleerleben.de\/silence\/wp-json\/wp\/v2\/media?parent=3004"}],"curies":[{"name":"wp","href":"https:\/\/api.w.org\/{rel}","templated":true}]}}