{"id":2946,"date":"2022-04-04T22:34:14","date_gmt":"2022-04-04T20:34:14","guid":{"rendered":"https:\/\/www.silence-stilleerleben.de\/cms\/?page_id=2946"},"modified":"2022-10-24T16:32:21","modified_gmt":"2022-10-24T14:32:21","slug":"landing-2","status":"publish","type":"page","link":"https:\/\/silence-stilleerleben.de\/silence\/","title":{"rendered":"Landing"},"content":{"rendered":"<p>[vc_row css=&#8220;.vc_custom_1439999000631{margin-bottom: 0px !important;}&#8220;][vc_column][rev_slider_vc alias=&#8220;homeslider&#8220;][\/vc_column][\/vc_row][vc_row full_width=&#8220;stretch_row_content&#8220; parallax=&#8220;content-moving&#8220; show_bump=&#8220;true&#8220; css=&#8220;.vc_custom_1472756579910{margin-bottom: 0px !important;padding-top: 38px !important;padding-bottom: 83px !important;}&#8220;][vc_column width=&#8220;2\/12&#8243; css=&#8220;.vc_custom_1476559946760{padding-top: 135px !important;padding-right: 45px !important;padding-left: 45px !important;background-position: center !important;background-repeat: no-repeat !important;background-size: cover !important;border-radius: 25px !important;}&#8220;][vc_single_image image=&#8220;3036&#8243; img_size=&#8220;medium&#8220; alignment=&#8220;right&#8220; style=&#8220;vc_box_border&#8220; css=&#8220;.vc_custom_1666609518410{margin-right: -70% !important;}&#8220; el_class=&#8220;mobil_img&#8220;][\/vc_column][vc_column width=&#8220;8\/12&#8243;][vc_custom_heading text=&#8220;Willkommen bei Silence&#8220; font_container=&#8220;tag:h3|text_align:center|color:%23707070&#8243; use_theme_fonts=&#8220;yes&#8220; sep_position=&#8220;bottom&#8220; sep_aligment=&#8220;center&#8220; icon_aligment=&#8220;center&#8220; icon=&#8220;&#8220; icon_class=&#8220;hc-icon-smile&#8220; icon_size=&#8220;17px&#8220; icon_hc=&#8220;hc-icon-smile&#8220; css=&#8220;.vc_custom_1483045157293{margin-bottom: 36px !important;}&#8220; sep_spacing_top=&#8220;14px&#8220; el_class=&#8220;einleitung&#8220;][vc_column_text css_animation=&#8220;appear&#8220;]<\/p>\n<h3 style=\"text-align: center;\"><span style=\"color: #707070;\">M\u00f6chten Sie gerne mal den Alltag hinter sich lassen, <\/span><\/h3>\n<h3 style=\"text-align: center;\"><span style=\"color: #707070;\">zur eigenen Mitte finden und im Einklang sein mit sich selbst &#8230; ?\u00a0<\/span><\/h3>\n<h4 style=\"text-align: center;\"><\/h4>\n<h3 style=\"text-align: center;\"><span style=\"color: #707070;\"><br \/>\nDann darf ich Sie einladen, sich auf meinen Seiten umzuschauen um sich inspirieren zu lassen<\/span><\/h3>\n<h4 style=\"text-align: center;\"><\/h4>\n<div class=\"wpb_element_label\"><\/div>\n<p>[\/vc_column_text][\/vc_column][vc_column width=&#8220;2\/12&#8243;][vc_single_image image=&#8220;3035&#8243; img_size=&#8220;medium&#8220; style=&#8220;vc_box_border&#8220; css=&#8220;.vc_custom_1666609526835{margin-left: -70% !important;}&#8220; el_class=&#8220;mobil_img&#8220;][\/vc_column][\/vc_row][vc_row full_width=&#8220;stretch_row&#8220; parallax=&#8220;content-moving&#8220; show_bump=&#8220;true&#8220; css=&#8220;.vc_custom_1475331887045{background-color: #b8d858 !important;}&#8220;][vc_column][vc_empty_space height=&#8220;25px&#8220;][vc_custom_heading text=&#8220;Mein Angebot f\u00fcr Sie&#8220; font_container=&#8220;tag:h3|text_align:center|color:%23444444&#8243; use_theme_fonts=&#8220;yes&#8220; sep_position=&#8220;bottom&#8220; sep_aligment=&#8220;center&#8220; icon_aligment=&#8220;center&#8220; icon=&#8220;&#8220; icon_class=&#8220;hc-icon-smile&#8220; icon_size=&#8220;17px&#8220; css=&#8220;.vc_custom_1476544573851{margin-bottom: 36px !important;padding-top: 17px !important;padding-bottom: 17px !important;}&#8220; sep_spacing_top=&#8220;14px&#8220;][vc_separator][\/vc_column][\/vc_row][vc_row full_width=&#8220;stretch_row&#8220; parallax=&#8220;content-moving-fade&#8220; show_bump=&#8220;true&#8220;][vc_column][vc_empty_space height=&#8220;60px&#8220;][vc_row_inner][vc_column_inner width=&#8220;1\/4&#8243;][vc_single_image image=&#8220;3037&#8243; img_size=&#8220;350&#215;251&#8243; alignment=&#8220;center&#8220; style=&#8220;vc_box_rounded&#8220; onclick=&#8220;custom_link&#8220; css_animation=&#8220;appear&#8220; css=&#8220;.vc_custom_1666621893141{border-radius: 25px !important;}&#8220; link=&#8220;http:\/\/silence-stilleerleben.de\/silence\/service\/gesundheitspraevention\/&#8220;][vc_custom_heading text=&#8220;Gesundheitspr\u00e4vention&#8220; font_container=&#8220;tag:h2|font_size:20px|text_align:center|color:%23444444|line_height:30px&#8220; css=&#8220;.vc_custom_1475963819675{margin-top: -40px !important;margin-bottom: 20px !important;padding-top: 25px !important;}&#8220;][vc_column_text css=&#8220;.vc_custom_1483997580951{padding-bottom: 25px !important;}&#8220;]<\/p>\n<h4 style=\"text-align: center;\"><span style=\"color: #444444;\">entfliehen Sie dem Stress und lernen Sie Strategien wie z.B. Autogenes Training, die zu psychischer Stabilit\u00e4t f\u00fchren.<\/span><\/h4>\n<p>[\/vc_column_text][\/vc_column_inner][vc_column_inner width=&#8220;1\/4&#8243;][vc_single_image image=&#8220;3038&#8243; img_size=&#8220;350&#215;251&#8243; alignment=&#8220;center&#8220; style=&#8220;vc_box_rounded&#8220; onclick=&#8220;custom_link&#8220; css_animation=&#8220;appear&#8220; css=&#8220;.vc_custom_1666621906798{border-radius: 25px !important;}&#8220; link=&#8220;http:\/\/silence-stilleerleben.de\/silence\/service\/entspannung\/&#8220;][vc_custom_heading text=&#8220;Entspannung&#8220; font_container=&#8220;tag:h2|font_size:20px|text_align:center|color:%23444444|line_height:30px&#8220; css=&#8220;.vc_custom_1475963829602{margin-top: -40px !important;margin-bottom: 20px !important;padding-top: 25px !important;}&#8220;][vc_column_text css=&#8220;.vc_custom_1483998296578{padding-bottom: 25px !important;}&#8220;]<\/p>\n<h4 style=\"text-align: center;\">Sp\u00fcren und erleben Sie, wie wohltuende Massagen Ihr allgemeines Wohlbefinden f\u00f6rdern.<\/h4>\n<p>[\/vc_column_text][\/vc_column_inner][vc_column_inner width=&#8220;1\/4&#8243;][vc_single_image image=&#8220;3039&#8243; img_size=&#8220;350&#215;251&#8243; alignment=&#8220;center&#8220; style=&#8220;vc_box_rounded&#8220; onclick=&#8220;custom_link&#8220; css_animation=&#8220;appear&#8220; css=&#8220;.vc_custom_1666621916335{border-radius: 25px !important;}&#8220; link=&#8220;http:\/\/silence-stilleerleben.de\/silence\/service\/aromapflege\/&#8220;][vc_custom_heading text=&#8220;Aromapflege&#8220; font_container=&#8220;tag:h2|font_size:20px|text_align:center|color:%23444444|line_height:30px&#8220; css=&#8220;.vc_custom_1475963840089{margin-top: -40px !important;margin-bottom: 20px !important;padding-top: 25px !important;}&#8220;][vc_column_text css=&#8220;.vc_custom_1467215013821{padding-bottom: 25px !important;}&#8220;]<\/p>\n<h4 style=\"text-align: center;\"><span style=\"color: #444444;\">Erfahren Sie, wie \u00c4therische \u00d6le helfen, das Ungleichgewicht wieder ins Lot zu bringen.<\/span><\/h4>\n<p>[\/vc_column_text][\/vc_column_inner][vc_column_inner width=&#8220;1\/4&#8243;][vc_single_image image=&#8220;3041&#8243; img_size=&#8220;350&#215;251&#8243; alignment=&#8220;center&#8220; style=&#8220;vc_box_rounded&#8220; onclick=&#8220;custom_link&#8220; css_animation=&#8220;appear&#8220; css=&#8220;.vc_custom_1666621927465{border-radius: 25px !important;}&#8220; link=&#8220;https:\/\/www.silence-stilleerleben.de\/silence\/service\/mediakupress\/&#8220;][vc_custom_heading text=&#8220;MediAkupress\u00ae&#8220; font_container=&#8220;tag:h2|font_size:20px|text_align:center|color:%23444444|line_height:30px&#8220; css=&#8220;.vc_custom_1649431173329{margin-top: -40px !important;margin-bottom: 20px !important;padding-top: 25px !important;}&#8220;][vc_column_text css=&#8220;.vc_custom_1649431329610{padding-bottom: 25px !important;}&#8220;]<\/p>\n<h4 style=\"text-align: center;\">Nach dem Konzept \u201eBegleitende H\u00e4nde\u201c<\/h4>\n<p>[\/vc_column_text][\/vc_column_inner][\/vc_row_inner][vc_empty_space height=&#8220;60px&#8220;][vc_row_inner][vc_column_inner][vc_single_image image=&#8220;3042&#8243; img_size=&#8220;600 x 315&#8243; alignment=&#8220;center&#8220; style=&#8220;vc_box_rounded&#8220; onclick=&#8220;custom_link&#8220; css_animation=&#8220;appear&#8220; css=&#8220;.vc_custom_1666621939591{border-radius: 25px !important;}&#8220; link=&#8220;https:\/\/www.silence-stilleerleben.de\/silence\/service\/komplementaere-begleitung-von-onkologischen-patienten\/&#8220;][vc_custom_heading text=&#8220;Komplement\u00e4re Begleitung von onkologischen Patient*innen&#8220; font_container=&#8220;tag:h2|font_size:20px|text_align:center|color:%23444444|line_height:30px&#8220; css=&#8220;.vc_custom_1649425123156{margin-top: -40px !important;margin-bottom: 20px !important;padding-top: 25px !important;}&#8220;][vc_column_text css=&#8220;.vc_custom_1649425229652{padding-bottom: 25px !important;}&#8220;]<\/p>\n<h4 style=\"text-align: center;\">Ab sofort biete ich Einzel- und Gruppengespr\u00e4che f\u00fcr onkologische Patient*innen in meiner Gesundheitspraxis an. Ich zeige Dir wie du dich mit komplement\u00e4ren Methoden wie z.B. Aromatherapie, MediAkupressur\u00ae\ufe0f und anderen naturheilkundlichen Ma\u00dfnahmen seelisch und k\u00f6rperlich st\u00e4rken kannst.<\/h4>\n<p>[\/vc_column_text][\/vc_column_inner][\/vc_row_inner][vc_empty_space height=&#8220;60px&#8220;][vc_separator][\/vc_column][\/vc_row][vc_row full_width=&#8220;stretch_row&#8220; parallax=&#8220;content-moving&#8220; show_bump=&#8220;true&#8220; css=&#8220;.vc_custom_1475331905442{background-color: #b8d858 !important;}&#8220;][vc_column][vc_empty_space height=&#8220;25px&#8220;][vc_custom_heading text=&#8220;Seminare und Workshops&#8220; font_container=&#8220;tag:h3|text_align:center|color:%23444444&#8243; use_theme_fonts=&#8220;yes&#8220; sep_position=&#8220;bottom&#8220; sep_aligment=&#8220;center&#8220; icon_aligment=&#8220;center&#8220; icon=&#8220;&#8220; icon_class=&#8220;hc-icon-smile&#8220; icon_size=&#8220;17px&#8220; css=&#8220;.vc_custom_1475331829713{margin-bottom: 36px !important;padding-top: 17px !important;padding-bottom: 17px !important;}&#8220; sep_spacing_top=&#8220;14px&#8220;][vc_separator][\/vc_column][\/vc_row][vc_row full_width=&#8220;stretch_row&#8220; parallax=&#8220;content-moving&#8220; show_bump=&#8220;true&#8220; css=&#8220;.vc_custom_1649104433349{margin-bottom: 0px !important;padding-top: 38px !important;padding-bottom: 49px !important;background-color: #b8d858 !important;}&#8220;][vc_column][vc_column_text]<div id=\"metaslider-id-3050\" style=\"width: 100%;\" class=\"ml-slider-3-94-0 metaslider metaslider-flex metaslider-3050 ml-slider ms-theme-default\" role=\"region\" aria-roledescription=\"Slideshow\" aria-label=\"Workshops - Neu\">\n    <div id=\"metaslider_container_3050\">\n        <div id=\"metaslider_3050\">\n            <ul class='slides'>\n                <li style=\"display: block; width: 100%;\" class=\"slide-3053 ms-image \" aria-roledescription=\"slide\" aria-label=\"slide-3053\"><img loading=\"lazy\" decoding=\"async\" width=\"1607\" height=\"840\" src=\"https:\/\/silence-stilleerleben.de\/silence\/wp-content\/uploads\/2022\/10\/DIY-Duft-Seele-Banner2.png\" class=\"slider-3050 slide-3053\" alt=\"\" rel=\"\" title=\"DIY-Duft-Seele-Banner2\" srcset=\"https:\/\/silence-stilleerleben.de\/silence\/wp-content\/uploads\/2022\/10\/DIY-Duft-Seele-Banner2.png 1607w, https:\/\/silence-stilleerleben.de\/silence\/wp-content\/uploads\/2022\/10\/DIY-Duft-Seele-Banner2-300x157.png 300w, https:\/\/silence-stilleerleben.de\/silence\/wp-content\/uploads\/2022\/10\/DIY-Duft-Seele-Banner2-1024x535.png 1024w, https:\/\/silence-stilleerleben.de\/silence\/wp-content\/uploads\/2022\/10\/DIY-Duft-Seele-Banner2-768x401.png 768w, https:\/\/silence-stilleerleben.de\/silence\/wp-content\/uploads\/2022\/10\/DIY-Duft-Seele-Banner2-1536x803.png 1536w\" sizes=\"auto, (max-width: 1607px) 100vw, 1607px\" \/><\/li>\n                <li style=\"display: none; width: 100%;\" class=\"slide-3054 ms-image \" aria-roledescription=\"slide\" aria-label=\"slide-3054\"><img loading=\"lazy\" decoding=\"async\" width=\"1607\" height=\"840\" src=\"https:\/\/silence-stilleerleben.de\/silence\/wp-content\/uploads\/2022\/10\/Haut-Banner2.png\" class=\"slider-3050 slide-3054\" alt=\"\" rel=\"\" title=\"Haut-Banner2\" srcset=\"https:\/\/silence-stilleerleben.de\/silence\/wp-content\/uploads\/2022\/10\/Haut-Banner2.png 1607w, https:\/\/silence-stilleerleben.de\/silence\/wp-content\/uploads\/2022\/10\/Haut-Banner2-300x157.png 300w, https:\/\/silence-stilleerleben.de\/silence\/wp-content\/uploads\/2022\/10\/Haut-Banner2-1024x535.png 1024w, https:\/\/silence-stilleerleben.de\/silence\/wp-content\/uploads\/2022\/10\/Haut-Banner2-768x401.png 768w, https:\/\/silence-stilleerleben.de\/silence\/wp-content\/uploads\/2022\/10\/Haut-Banner2-1536x803.png 1536w\" sizes=\"auto, (max-width: 1607px) 100vw, 1607px\" \/><\/li>\n                <li style=\"display: none; width: 100%;\" class=\"slide-3051 ms-image \" aria-roledescription=\"slide\" aria-label=\"slide-3051\"><img loading=\"lazy\" decoding=\"async\" width=\"1607\" height=\"840\" src=\"https:\/\/silence-stilleerleben.de\/silence\/wp-content\/uploads\/2022\/10\/Mundpflege-Banner2.png\" class=\"slider-3050 slide-3051\" alt=\"\" rel=\"\" title=\"Mundpflege-Banner2\" srcset=\"https:\/\/silence-stilleerleben.de\/silence\/wp-content\/uploads\/2022\/10\/Mundpflege-Banner2.png 1607w, https:\/\/silence-stilleerleben.de\/silence\/wp-content\/uploads\/2022\/10\/Mundpflege-Banner2-300x157.png 300w, https:\/\/silence-stilleerleben.de\/silence\/wp-content\/uploads\/2022\/10\/Mundpflege-Banner2-1024x535.png 1024w, https:\/\/silence-stilleerleben.de\/silence\/wp-content\/uploads\/2022\/10\/Mundpflege-Banner2-768x401.png 768w, https:\/\/silence-stilleerleben.de\/silence\/wp-content\/uploads\/2022\/10\/Mundpflege-Banner2-1536x803.png 1536w\" sizes=\"auto, (max-width: 1607px) 100vw, 1607px\" \/><\/li>\n                <li style=\"display: none; width: 100%;\" class=\"slide-3052 ms-image \" aria-roledescription=\"slide\" aria-label=\"slide-3052\"><img loading=\"lazy\" decoding=\"async\" width=\"1607\" height=\"840\" src=\"https:\/\/silence-stilleerleben.de\/silence\/wp-content\/uploads\/2022\/10\/Schmerz-Banner2.png\" class=\"slider-3050 slide-3052\" alt=\"\" rel=\"\" title=\"Schmerz-Banner2\" srcset=\"https:\/\/silence-stilleerleben.de\/silence\/wp-content\/uploads\/2022\/10\/Schmerz-Banner2.png 1607w, https:\/\/silence-stilleerleben.de\/silence\/wp-content\/uploads\/2022\/10\/Schmerz-Banner2-300x157.png 300w, https:\/\/silence-stilleerleben.de\/silence\/wp-content\/uploads\/2022\/10\/Schmerz-Banner2-1024x535.png 1024w, https:\/\/silence-stilleerleben.de\/silence\/wp-content\/uploads\/2022\/10\/Schmerz-Banner2-768x401.png 768w, https:\/\/silence-stilleerleben.de\/silence\/wp-content\/uploads\/2022\/10\/Schmerz-Banner2-1536x803.png 1536w\" sizes=\"auto, (max-width: 1607px) 100vw, 1607px\" \/><\/li>\n            <\/ul>\n        <\/div>\n        \n    <\/div>\n<\/div>[\/vc_column_text][\/vc_column][\/vc_row][vc_row full_width=&#8220;stretch_row&#8220; parallax=&#8220;content-moving&#8220; show_bump=&#8220;true&#8220; css=&#8220;.vc_custom_1649104569873{margin-bottom: 0px !important;padding-top: 38px !important;padding-bottom: 49px !important;}&#8220;][vc_column][stm_call_to_action cta_type=&#8220;button&#8220; icon_type=&#8220;fontawesome&#8220; button1=&#8220;url:http%3A%2F%2Fsilence-stilleerleben.de%2Fsilence%2Fseminare-und-workshops%2F|title:Kurs%C3%BCbersicht&#8220; button2=&#8220;url:http%3A%2F%2Fsilence-stilleerleben.de%2Fsilence%2Fseminare-und-workshops%2F|title:Termin%C3%BCbersicht&#8220; css=&#8220;.vc_custom_1666616873984{padding-top: 15px !important;padding-right: 15px !important;padding-bottom: 15px !important;padding-left: 15px !important;background-color: #b8d858 !important;border-radius: 35px !important;}&#8220;]<\/p>\n<h2 style=\"padding-top: 10px; padding-left: 16px; font-size: 26px; color: whitesmoke;\"><span style=\"color: #444444;\">Eine \u00dcbersicht \u00fcber mein Kursangebot und Termine finden Sie hier<\/span><\/h2>\n<p>[\/stm_call_to_action][\/vc_column][\/vc_row][vc_row full_width=&#8220;stretch_row&#8220; parallax=&#8220;content-moving&#8220; show_bump=&#8220;true&#8220; css=&#8220;.vc_custom_1475331919460{background-color: #b8d858 !important;}&#8220;][vc_column][vc_empty_space height=&#8220;25px&#8220;][vc_custom_heading text=&#8220;Interessantes und Neuigkeiten&#8220; font_container=&#8220;tag:h3|text_align:center|color:%23444444&#8243; use_theme_fonts=&#8220;yes&#8220; sep_position=&#8220;bottom&#8220; sep_aligment=&#8220;center&#8220; icon_aligment=&#8220;center&#8220; icon=&#8220;&#8220; icon_class=&#8220;hc-icon-smile&#8220; icon_size=&#8220;17px&#8220; css=&#8220;.vc_custom_1475331926859{margin-bottom: 36px !important;padding-top: 17px !important;padding-bottom: 17px !important;}&#8220; sep_spacing_top=&#8220;14px&#8220;][vc_separator][\/vc_column][\/vc_row][vc_row full_width=&#8220;stretch_row&#8220; parallax=&#8220;content-moving&#8220; show_bump=&#8220;true&#8220; css=&#8220;.vc_custom_1472760123734{margin-bottom: 0px !important;padding-top: 38px !important;padding-bottom: 20px !important;}&#8220;][vc_column][stm_recent_posts columns_per_row=&#8220;3&#8243; posts_format=&#8220;0&#8243; posts_category=&#8220;0&#8243; posts_count=&#8220;6&#8243; thumbnail_size=&#8220;350&#215;262&#8243;][\/vc_column][\/vc_row][vc_row full_width=&#8220;stretch_row&#8220; show_bump=&#8220;true&#8220; css=&#8220;.vc_custom_1475331947676{background-color: #b8d858 !important;}&#8220;][vc_column][vc_empty_space height=&#8220;25px&#8220;][vc_custom_heading text=&#8220;Fordern Sie unverbindlich Unterlagen zu meinen Workshops an !&#8220; font_container=&#8220;tag:h3|text_align:center|color:%23444444&#8243; use_theme_fonts=&#8220;yes&#8220; sep_position=&#8220;bottom&#8220; sep_aligment=&#8220;center&#8220; icon_hc=&#8220;hc-icon-smile&#8220; icon_size=&#8220;17px&#8220; css=&#8220;.vc_custom_1472759597881{margin-bottom: 54px !important;}&#8220; link=&#8220;||&#8220; sep_spacing_top=&#8220;14px&#8220;][\/vc_column][\/vc_row][vc_row full_width=&#8220;stretch_row&#8220; show_bump=&#8220;true&#8220; css=&#8220;.vc_custom_1472757033918{padding-bottom: 40px !important;background-color: #ffffff !important;}&#8220;][vc_column][stm_contact_form7 form_id=&#8220;168&#8243; css=&#8220;.vc_custom_1462382814537{margin-top: -43px !important;padding-top: 38px !important;padding-right: 30px !important;padding-bottom: 40px !important;padding-left: 30px !important;background-color: #ffffff !important;}&#8220; container_border_radius=&#8220;9px;9px;0;0&#8243;][\/vc_column][\/vc_row]<\/p>\n","protected":false},"excerpt":{"rendered":"<p>[vc_row css=&#8220;.vc_custom_1439999000631{margin-bottom: 0px !important;}&#8220;][vc_column][rev_slider_vc alias=&#8220;homeslider&#8220;][\/vc_column][\/vc_row][vc_row full_width=&#8220;stretch_row_content&#8220; parallax=&#8220;content-moving&#8220; show_bump=&#8220;true&#8220; css=&#8220;.vc_custom_1472756579910{margin-bottom: 0px !important;padding-top: 38px !important;padding-bottom: 83px !important;}&#8220;][vc_column&#8230;<\/p>\n","protected":false},"author":1,"featured_media":0,"parent":0,"menu_order":0,"comment_status":"closed","ping_status":"closed","template":"","meta":{"footnotes":""},"class_list":["post-2946","page","type-page","status-publish","hentry"],"_links":{"self":[{"href":"https:\/\/silence-stilleerleben.de\/silence\/wp-json\/wp\/v2\/pages\/2946","targetHints":{"allow":["GET"]}}],"collection":[{"href":"https:\/\/silence-stilleerleben.de\/silence\/wp-json\/wp\/v2\/pages"}],"about":[{"href":"https:\/\/silence-stilleerleben.de\/silence\/wp-json\/wp\/v2\/types\/page"}],"author":[{"embeddable":true,"href":"https:\/\/silence-stilleerleben.de\/silence\/wp-json\/wp\/v2\/users\/1"}],"replies":[{"embeddable":true,"href":"https:\/\/silence-stilleerleben.de\/silence\/wp-json\/wp\/v2\/comments?post=2946"}],"version-history":[{"count":16,"href":"https:\/\/silence-stilleerleben.de\/silence\/wp-json\/wp\/v2\/pages\/2946\/revisions"}],"predecessor-version":[{"id":3082,"href":"https:\/\/silence-stilleerleben.de\/silence\/wp-json\/wp\/v2\/pages\/2946\/revisions\/3082"}],"wp:attachment":[{"href":"https:\/\/silence-stilleerleben.de\/silence\/wp-json\/wp\/v2\/media?parent=2946"}],"curies":[{"name":"wp","href":"https:\/\/api.w.org\/{rel}","templated":true}]}}