{"id":2759,"date":"2017-07-30T18:00:10","date_gmt":"2017-07-30T16:00:10","guid":{"rendered":"http:\/\/silence-stilleerleben.de\/cms\/?page_id=2759"},"modified":"2022-10-24T18:21:33","modified_gmt":"2022-10-24T16:21:33","slug":"ueber-mich","status":"publish","type":"page","link":"https:\/\/silence-stilleerleben.de\/silence\/ueber-mich\/","title":{"rendered":"\u00dcber mich"},"content":{"rendered":"<p>[vc_row show_bump=&#8220;true&#8220; css=&#8220;.vc_custom_1442831799648{margin-bottom: 55px !important;}&#8220;][vc_column][vc_single_image image=&#8220;3064&#8243; img_size=&#8220;136&#215;136&#8243; alignment=&#8220;center&#8220; style=&#8220;vc_box_border_circle&#8220; border_color=&#8220;white&#8220; css=&#8220;.vc_custom_1666612493643{margin-top: -68px !important;margin-bottom: 0px !important;}&#8220;][vc_custom_heading text=&#8220;Gertrud Schneider&#8220; font_container=&#8220;tag:h2|text_align:center&#8220; use_theme_fonts=&#8220;yes&#8220; sep_position=&#8220;bottom&#8220; css=&#8220;.vc_custom_1461948166321{margin-bottom: 23px !important;}&#8220; icon_hc=&#8220;hc-icon-smile&#8220; icon_size=&#8220;17px&#8220; sep_spacing_top=&#8220;9px&#8220;][vc_empty_space height=&#8220;10px&#8220;][vc_column_text css=&#8220;.vc_custom_1666612631019{margin-bottom: 20px !important;}&#8220;]<\/p>\n<p style=\"text-align: center;\"><b>Gesundheitspraktikerin BfG, Entspannungsp\u00e4dagogin, <b>Expertin f\u00fcr Aromapflege<\/b>, MediAkupress\u00ae-Expertin<\/b><\/p>\n<p style=\"text-align: center;\"><img loading=\"lazy\" decoding=\"async\" class=\"alignnone size-full wp-image-3066\" src=\"https:\/\/silence-stilleerleben.de\/silence\/wp-content\/uploads\/2022\/10\/DGAM-Logo-mit-Schriftzug-WDG2-300x79-1.png\" alt=\"\" width=\"300\" height=\"79\" \/><\/p>\n<p>[\/vc_column_text][vc_column_text css=&#8220;.vc_custom_1649430634421{padding-top: 25px !important;}&#8220;]Ich bin 1964 in V\u00f6lklingen im Saarland geboren, verheiratet und habe zwei erwachsene S\u00f6hne. Seit 2005 lebe ich mit meinem Mann an der wundersch\u00f6nen Mosel.<\/p>\n<p>Seit \u00fcber 20 Jahren bin ich nun beruflich in der Pflege t\u00e4tig und habe in dieser Zeit viele Erfahrungen machen d\u00fcrfen.<br \/>\nT\u00e4glich sehe ich Menschen, die unter Schmerzen, gro\u00dfem Leid, Trauer, Angst, Verzweiflung, Wut oder Zorn leiden; sie haben alle eines gemeinsam, sie erleben psychischen und k\u00f6rperlichen \u201eStress\u201c, jeder von ihnen auf eine andere Art und Weise.<\/p>\n<p>Aber nicht nur der durch Krankheit und Schmerzen verursachte Stress, sondern auch der ganz allt\u00e4gliche Druck, sei es auf der Arbeit oder im privaten Bereich, ist in den letzten Jahren kontinuierlich gestiegen. Diverse Krankheiten, psychische Ersch\u00f6pfungszust\u00e4nde und Burnout sind immer \u00f6fter die Folge.<\/p>\n<p>All dies und pers\u00f6nliche Erlebnisse waren f\u00fcr mich ausschlaggebend mich in der Aromapflege, der Entspannung, der Pr\u00e4vention und der naturheilkundlichen Pflege weiter zu bilden. Diese komplement\u00e4ren Pflegem\u00f6glichkeiten \u00f6ffneten mir bis dahin ungeahnte positive Erfahrungen in der Pflege bei schwerkranken Menschen. Ich biete meine gesundheitspraktische und \u2013pr\u00e4ventive Arbeit auch f\u00fcr Menschen, welche Entschleunigung in ihrem Alltag ben\u00f6tigen oder einfach Abschalten m\u00f6chten, an.<\/p>\n<p>Meine gesundheitspraktischen Schwerpunkte liegen in der F\u00f6rderung von Gesundheit, in der Aromapflege und in verschiedenen Entspannungsverfahren. Ich m\u00f6chte Sie einladen wohltuende Momente der Ruhe und Entspannung mit \u00e4therischen \u00d6len\u00a0und\u00a0Massagen zu genie\u00dfen.<\/p>\n<p>&nbsp;<\/p>\n<p>Meine Angebote ersetzen keinen Arztbesuch, sondern sind stets als eine unterst\u00fctzende Ma\u00dfnahme anzusehen.[\/vc_column_text][\/vc_column][\/vc_row][vc_row full_width=&#8220;stretch_row&#8220; css=&#8220;.vc_custom_1440747388456{margin-bottom: 0px !important;padding-top: 60px !important;padding-bottom: 60px !important;background-color: #f5f4f3 !important;}&#8220;][vc_column][vc_custom_heading text=&#8220;Virtueller Rundgang bei Silence&#8220; font_container=&#8220;tag:h3|text_align:center&#8220; use_theme_fonts=&#8220;yes&#8220; sep_position=&#8220;bottom&#8220; icon_hc=&#8220;hc-icon-smile&#8220; icon_size=&#8220;17px&#8220; sep_spacing_top=&#8220;14px&#8220; css=&#8220;.vc_custom_1477936971822{margin-bottom: 42px !important;}&#8220;][rev_slider_vc alias=&#8220;brauneberg&#8220;][\/vc_column][\/vc_row][vc_row full_width=&#8220;stretch_row&#8220; parallax=&#8220;content-moving&#8220; parallax_image=&#8220;1832&#8243; css=&#8220;.vc_custom_1666628490936{padding-top: 63px !important;padding-bottom: 174px !important;background-color: #888888 !important;}&#8220;][vc_column][vc_custom_heading text=&#8220;Nehmen Sie Kontakt mit mir auf!&#8220; font_container=&#8220;tag:h3|text_align:center|color:%23ffffff&#8220; use_theme_fonts=&#8220;yes&#8220; sep_aligment=&#8220;center&#8220; icon_hc=&#8220;hc-icon-leaf&#8220; icon_size=&#8220;29px&#8220; css=&#8220;.vc_custom_1461948375466{margin-bottom: 14px !important;}&#8220; link=&#8220;||&#8220; icon_color=&#8220;#ffffff&#8220; sep_spacing_bot=&#8220;3px&#8220;][vc_column_text]<\/p>\n<p style=\"text-align: center;\"><span style=\"color: #ffffff;\"><b>Ich w\u00fcrde mich freuen, Sie auf Ihrem Weg zu mehr Gesundheit und Vitalit\u00e4t begleiten zu d\u00fcrfen&#8230;\u00a0<\/b><\/span><\/p>\n<p>[\/vc_column_text][\/vc_column][\/vc_row][vc_row css=&#8220;.vc_custom_1440396168378{margin-bottom: 0px !important;}&#8220;][vc_column][stm_contact_form7 form_id=&#8220;168&#8243; css=&#8220;.vc_custom_1440392583770{margin-top: -143px !important;padding-top: 38px !important;padding-right: 30px !important;padding-left: 30px !important;background-color: #ffffff !important;}&#8220; container_border_radius=&#8220;9px;9px;0;0&#8243;][\/vc_column][\/vc_row]<\/p>\n","protected":false},"excerpt":{"rendered":"<p>[vc_row show_bump=&#8220;true&#8220; css=&#8220;.vc_custom_1442831799648{margin-bottom: 55px !important;}&#8220;][vc_column][vc_single_image image=&#8220;3064&#8243; img_size=&#8220;136&#215;136&#8243; alignment=&#8220;center&#8220; style=&#8220;vc_box_border_circle&#8220; border_color=&#8220;white&#8220; css=&#8220;.vc_custom_1666612493643{margin-top: -68px !important;margin-bottom: 0px !important;}&#8220;][vc_custom_heading&#8230;<\/p>\n","protected":false},"author":1,"featured_media":0,"parent":0,"menu_order":0,"comment_status":"closed","ping_status":"closed","template":"","meta":{"footnotes":""},"class_list":["post-2759","page","type-page","status-publish","hentry"],"_links":{"self":[{"href":"https:\/\/silence-stilleerleben.de\/silence\/wp-json\/wp\/v2\/pages\/2759","targetHints":{"allow":["GET"]}}],"collection":[{"href":"https:\/\/silence-stilleerleben.de\/silence\/wp-json\/wp\/v2\/pages"}],"about":[{"href":"https:\/\/silence-stilleerleben.de\/silence\/wp-json\/wp\/v2\/types\/page"}],"author":[{"embeddable":true,"href":"https:\/\/silence-stilleerleben.de\/silence\/wp-json\/wp\/v2\/users\/1"}],"replies":[{"embeddable":true,"href":"https:\/\/silence-stilleerleben.de\/silence\/wp-json\/wp\/v2\/comments?post=2759"}],"version-history":[{"count":4,"href":"https:\/\/silence-stilleerleben.de\/silence\/wp-json\/wp\/v2\/pages\/2759\/revisions"}],"predecessor-version":[{"id":3103,"href":"https:\/\/silence-stilleerleben.de\/silence\/wp-json\/wp\/v2\/pages\/2759\/revisions\/3103"}],"wp:attachment":[{"href":"https:\/\/silence-stilleerleben.de\/silence\/wp-json\/wp\/v2\/media?parent=2759"}],"curies":[{"name":"wp","href":"https:\/\/api.w.org\/{rel}","templated":true}]}}