{"id":2592,"date":"2016-11-24T21:09:53","date_gmt":"2016-11-24T20:09:53","guid":{"rendered":"http:\/\/silence-stilleerleben.de\/cms\/?page_id=2592"},"modified":"2024-05-13T20:28:23","modified_gmt":"2024-05-13T18:28:23","slug":"impressum","status":"publish","type":"page","link":"https:\/\/silence-stilleerleben.de\/silence\/impressum\/","title":{"rendered":"Impressum"},"content":{"rendered":"<p>[vc_row][vc_column][vc_column_text]<\/p>\n<h3><\/h3>\n<h3>Angaben gem\u00e4\u00df \u00a7 5 DDG:<\/h3>\n<p>Gertrud Schneider<br \/>\nAm Oestelbach 15<br \/>\n54518 Osann-Monzel<\/p>\n<h3>Kontakt:<\/h3>\n<table>\n<tbody>\n<tr>\n<td>Telefon:<\/td>\n<td>+49 (0)163 2666007<\/td>\n<\/tr>\n<tr>\n<td>E-Mail:<\/td>\n<td>info@silence-stilleerleben.de<\/td>\n<\/tr>\n<\/tbody>\n<\/table>\n<h3><\/h3>\n<h3>Verantwortlich f\u00fcr den Inhalt nach \u00a7 55 Abs. 2 RStV:<\/h3>\n<p>Gertrud Schneider<\/p>\n<p>Am Oestelbach 15<br \/>\n54518 Osann-Monzel<\/p>\n<p>&nbsp;<\/p>\n<p>Quelle:\u00a0<em><a href=\"https:\/\/www.e-recht24.de\/\">eRecht24<\/a><\/em>[\/vc_column_text][vc_column_text css=&#8220;.vc_custom_1480091225503{margin-top: 15px !important;}&#8220;]<\/p>\n<h2>Haftungsausschluss (Disclaimer)<\/h2>\n<h3>Haftung f\u00fcr Inhalte<\/h3>\n<p>Als Diensteanbieter sind wir gem\u00e4\u00df \u00a7 7 Abs.1 TMG f\u00fcr eigene Inhalte auf diesen Seiten nach den allgemeinen Gesetzen verantwortlich. Nach \u00a7\u00a7 8 bis 10 TMG sind wir als Diensteanbieter jedoch nicht verpflichtet, \u00fcbermittelte oder gespeicherte fremde Informationen zu \u00fcberwachen oder nach Umst\u00e4nden zu forschen, die auf eine rechtswidrige T\u00e4tigkeit hinweisen.<\/p>\n<p>Verpflichtungen zur Entfernung oder Sperrung der Nutzung von Informationen nach den allgemeinen Gesetzen bleiben hiervon unber\u00fchrt. Eine diesbez\u00fcgliche Haftung ist jedoch erst ab dem Zeitpunkt der Kenntnis einer konkreten Rechtsverletzung m\u00f6glich. Bei Bekanntwerden von entsprechenden Rechtsverletzungen werden wir diese Inhalte umgehend entfernen.<\/p>\n<h3>Haftung f\u00fcr Links<\/h3>\n<p>Unser Angebot enth\u00e4lt Links zu externen Webseiten Dritter, auf deren Inhalte wir keinen Einfluss haben. Deshalb k\u00f6nnen wir f\u00fcr diese fremden Inhalte auch keine Gew\u00e4hr \u00fcbernehmen. F\u00fcr die Inhalte der verlinkten Seiten ist stets der jeweilige Anbieter oder Betreiber der Seiten verantwortlich. Die verlinkten Seiten wurden zum Zeitpunkt der Verlinkung auf m\u00f6gliche Rechtsverst\u00f6\u00dfe \u00fcberpr\u00fcft. Rechtswidrige Inhalte waren zum Zeitpunkt der Verlinkung nicht erkennbar.<\/p>\n<p>Eine permanente inhaltliche Kontrolle der verlinkten Seiten ist jedoch ohne konkrete Anhaltspunkte einer Rechtsverletzung nicht zumutbar. Bei Bekanntwerden von Rechtsverletzungen werden wir derartige Links umgehend entfernen.<\/p>\n<h3>Urheberrecht<\/h3>\n<p>Die durch die Seitenbetreiber erstellten Inhalte und Werke auf diesen Seiten unterliegen dem deutschen Urheberrecht. Die Vervielf\u00e4ltigung, Bearbeitung, Verbreitung und jede Art der Verwertung au\u00dferhalb der Grenzen des Urheberrechtes bed\u00fcrfen der schriftlichen Zustimmung des jeweiligen Autors bzw. Erstellers. Downloads und Kopien dieser Seite sind nur f\u00fcr den privaten, nicht kommerziellen Gebrauch gestattet.<\/p>\n<p>Soweit die Inhalte auf dieser Seite nicht vom Betreiber erstellt wurden, werden die Urheberrechte Dritter beachtet. Insbesondere werden Inhalte Dritter als solche gekennzeichnet. Sollten Sie trotzdem auf eine Urheberrechtsverletzung aufmerksam werden, bitten wir um einen entsprechenden Hinweis. Bei Bekanntwerden von Rechtsverletzungen werden wir derartige Inhalte umgehend entfernen.[\/vc_column_text][\/vc_column][\/vc_row][vc_row show_bump=&#8220;true&#8220; css=&#8220;.vc_custom_1480091262189{margin-top: 15px !important;}&#8220;][vc_column][vc_column_text]<\/p>\n<h3><b>Bildnachweis<\/b><\/h3>\n<p>\u2022<a href=\"https:\/\/de.fotolia.com\/id\/114105832\">114105832<\/a>\u00a0\u2013\u00a0Young woman meditate \u2013 \u00a9 nickolya \/\u00a0<a href=\"http:\/\/fotolia.com\/\">fotolia.com<\/a><\/p>\n<p>\u2022<a href=\"https:\/\/de.fotolia.com\/id\/48388417\">48388417<\/a>\u00a0\u2013\u00a0Gleichmut \u2013 \u00a9 djama \/\u00a0<a href=\"http:\/\/fotolia.com\/\">fotolia.com<\/a><\/p>\n<p>\u2022<a href=\"https:\/\/de.fotolia.com\/id\/84678417\">84678417<\/a>\u00a0\u2013\u00a0butterfly e flower \u2013 \u00a9 ivan_sciano \/\u00a0<a href=\"http:\/\/fotolia.com\/\">fotolia.com<\/a><\/p>\n<p>\u2022<a href=\"https:\/\/de.fotolia.com\/id\/73829676\">73829676<\/a>\u00a0\u2013\u00a0Spine osteoporosis. Spinal cord problems on woman\u2019s back \u2013 \u00a9 Stasique \/\u00a0<a href=\"http:\/\/fotolia.com\/\">fotolia.com<\/a><\/p>\n<p>\u2022<a href=\"https:\/\/de.fotolia.com\/id\/78698961\">78698961<\/a>\u00a0\u2013\u00a0Holz Hintergrund mit Stein und Feder als Trauerkarte \u2013 \u00a9 Jeanette Dietl \/\u00a0<a href=\"http:\/\/fotolia.com\/\">fotolia.com<\/a><\/p>\n<p>\u2022<a href=\"https:\/\/de.fotolia.com\/id\/93604442\">93604442<\/a>\u00a0\u2013\u00a0Body massage. Spa therapy. Beauty treatment concept\u2026 \u2013 \u00a9 puhhha \/\u00a0<a href=\"http:\/\/fotolia.com\/\">fotolia.com<\/a><\/p>\n<p>\u2022<a href=\"https:\/\/de.fotolia.com\/id\/7753428\">7753428<\/a>\u00a0\u2013\u00a0Yoga meditation at sunny beach \u2013 \u00a9 emu \/\u00a0<a href=\"http:\/\/fotolia.com\/\">fotolia.com<\/a><\/p>\n<p>\u2022<a href=\"https:\/\/de.fotolia.com\/id\/30252586\">30252586<\/a>\u00a0\u2013 Yogamatten und Yogakissen \u2013 \u00a9 cmfotoworks \/\u00a0<a href=\"http:\/\/fotolia.com\/\">fotolia.com<\/a><\/p>\n<p>\u2022<a href=\"https:\/\/de.fotolia.com\/id\/66271351\">66271351<\/a>\u2013 Lavendel aus dem Garten \u2013 \u00a9\u00a0Visions-AD \/\u00a0<a href=\"http:\/\/fotolia.com\/\">fotolia.com<\/a><\/p>\n<p>\u2022\u00a0Neroli-Orangenbl\u00fcte \u00a9 ViVere Sabrina Herber Schule f\u00fcr Aromatherapie-\/pflege<\/p>\n<p>\u2022 <a href=\"https:\/\/de.fotolia.com\/id\/20112820\">20112820<\/a>\u2013 Honigmassage \u2013 \u00a9\u00a0Helmut \/\u00a0<a href=\"http:\/\/fotolia.com\/\">fotolia.com<\/a><\/p>\n<p>\u2022 <a href=\"https:\/\/de.fotolia.com\/id\/24213492\">24213492<\/a>\u2013 Massage am Bauch \u2013 \u00a9\u00a0Helmut \/\u00a0<a href=\"http:\/\/fotolia.com\/\">fotolia.com<\/a><\/p>\n<p>\u2022 <a href=\"https:\/\/de.fotolia.com\/id\/66271351\">66271351<\/a>\u2013 Aromapflege \u2013 \u00a9\u00a0Visions-AD \/\u00a0<a href=\"http:\/\/fotolia.com\/\">fotolia.com<\/a><\/p>\n<p>\u2022 <a href=\"https:\/\/de.fotolia.com\/id\/106096701\">106096701<\/a>\u2013 Massage of human foot in spa salon \u2013 \u00a9\u00a0Valua Vitaly \/\u00a0<a href=\"http:\/\/fotolia.com\/\">fotolia.com<\/a><\/p>\n<p>\u2022 <a href=\"https:\/\/de.fotolia.com\/id\/72732927\">72732927<\/a>\u2013 Akupressur \u2013 \u00a9\u00a0artfocus \/\u00a0<a href=\"http:\/\/fotolia.com\/\">fotolia.com<\/a><\/p>\n<p>\u2022 <a href=\"https:\/\/de.fotolia.com\/id\/38449620\">38449620<\/a>\u2013 Handmassage \u2013 \u00a9\u00a0K\u00f6penicker \/\u00a0<a href=\"http:\/\/fotolia.com\/\">fotolia.com<\/a><\/p>\n<p>\u2022 <a href=\"https:\/\/de.fotolia.com\/id\/21105954\">21105954<\/a>\u2013 Komposition &#8211; Druckmassage Spann, Fussohle \u2013 \u00a9\u00a0foto ARts \/\u00a0<a href=\"http:\/\/fotolia.com\/\">fotolia.com<\/a><\/p>\n<p>\u2022 <a href=\"https:\/\/de.fotolia.com\/id\/144090059\">144090059<\/a>\u2013 Coconut oil and fresh coconut on wooden table \u2013 \u00a9 colors0613\u00a0\/\u00a0<a href=\"http:\/\/fotolia.com\/\">fotolia.com<\/a><\/p>\n<p>\u2022 <a href=\"https:\/\/de.fotolia.com\/id\/59376063\">59376063<\/a>\u2013 Frau mit Bauchschmerzen &#8211; woman abdominal pain \u2013 \u00a9 absolutimages \/\u00a0<a href=\"http:\/\/fotolia.com\/\">fotolia.com<\/a>[\/vc_column_text][\/vc_column][\/vc_row]<\/p>\n","protected":false},"excerpt":{"rendered":"<p>[vc_row][vc_column][vc_column_text] Angaben gem\u00e4\u00df \u00a7 5 DDG: Gertrud Schneider Am Oestelbach 15 54518 Osann-Monzel Kontakt: Telefon:&#8230;<\/p>\n","protected":false},"author":1,"featured_media":0,"parent":0,"menu_order":0,"comment_status":"closed","ping_status":"closed","template":"","meta":{"footnotes":""},"class_list":["post-2592","page","type-page","status-publish","hentry"],"_links":{"self":[{"href":"https:\/\/silence-stilleerleben.de\/silence\/wp-json\/wp\/v2\/pages\/2592","targetHints":{"allow":["GET"]}}],"collection":[{"href":"https:\/\/silence-stilleerleben.de\/silence\/wp-json\/wp\/v2\/pages"}],"about":[{"href":"https:\/\/silence-stilleerleben.de\/silence\/wp-json\/wp\/v2\/types\/page"}],"author":[{"embeddable":true,"href":"https:\/\/silence-stilleerleben.de\/silence\/wp-json\/wp\/v2\/users\/1"}],"replies":[{"embeddable":true,"href":"https:\/\/silence-stilleerleben.de\/silence\/wp-json\/wp\/v2\/comments?post=2592"}],"version-history":[{"count":1,"href":"https:\/\/silence-stilleerleben.de\/silence\/wp-json\/wp\/v2\/pages\/2592\/revisions"}],"predecessor-version":[{"id":3262,"href":"https:\/\/silence-stilleerleben.de\/silence\/wp-json\/wp\/v2\/pages\/2592\/revisions\/3262"}],"wp:attachment":[{"href":"https:\/\/silence-stilleerleben.de\/silence\/wp-json\/wp\/v2\/media?parent=2592"}],"curies":[{"name":"wp","href":"https:\/\/api.w.org\/{rel}","templated":true}]}}